{"id":75,"date":"2019-10-08T13:55:22","date_gmt":"2019-10-08T13:55:22","guid":{"rendered":"http:\/\/scheie.de\/?page_id=75"},"modified":"2019-10-08T13:55:22","modified_gmt":"2019-10-08T13:55:22","slug":"schuetzenverein","status":"publish","type":"page","link":"https:\/\/scheie.de\/?page_id=75","title":{"rendered":"Sch\u00fctzenverein"},"content":{"rendered":"\n<h3 class=\"wp-block-heading\">Sch\u00fctzenverein &#8222;Gut Schuss&#8220; von 1920 e.V.<\/h3>\n\n\n\n<p>Im Juni 1920, also vor 85 Jahren, trafen sich Scheier B\u00fcrger in der Gastst\u00e4tte Kreth und hoben den Scheier Sch\u00fctzenverein aus der Taufe. Zum 1. Vorsitzenden w\u00e4hlte man Heinrich Fischer. In der Generalversammlung am 12. M\u00e4rz 1921 erhielt dieser Verein den Namen \u201eGut Schu\u00df\u201c. Die erste vereinseigene Fahne konnte erst nach 14 Jahren beschafft werden und wurde am 14. Mai 1934 geweiht. W\u00e4hrend der Kriegsjahre war das Vereinleben nur eingeschr\u00e4nkt m\u00f6glich bzw. kam ganz zum Erliegen. Am 15. M\u00e4rz 1952 trafen sich 15 M\u00e4nner im alten Vereinslokal Kreth und beschlossen, die Sch\u00fctzentradition wieder aufzunehmen und den Verein neu zu gr\u00fcnden. Zum 1.Vorsitzenden wurde Friedrich Buchmeier gew\u00e4hlt, der den Sch\u00fctzenverein bis 1971 f\u00fchrte. Die gefeierten Sch\u00fctzenfeste, erst im Saal von Heinrich Schmidt, danach im Zelt, entwickelten sich zu beliebten Volksfesten in Scheie. Auch die Sportsch\u00fctzen des Vereins erreichten bemerkenswerte Erfolge auf Kreis- und Landesebene. Im Sch\u00fcler- und Jugendbereich wurden zahlreiche Pokale und Meistertitel errungen. Stellvertretend f\u00fcr alle aktiven Sch\u00fctzinnen und Sch\u00fctzen sei die erste Damenmannschaft von Scheie genannt, die mehrere Jahre in der Bundesliga erfolgreich mit schoss. Die Mannschaft bestand anfangs aus: Susanne Behling, Gabriele Neugebauer und Karin Zimmer. Mit dem Bau bzw. Umbau des Dorfgemeinschaftshauses und des Schie\u00dfstandes wurde 1976 begonnen. Am 12. Februar 1977 konnte der Schie\u00dfstand eingeweiht werden und im gleichen Jahr wurde die Damenabteilung im Verein gegr\u00fcndet.<\/p>\n\n\n\n<p><img fetchpriority=\"high\" decoding=\"async\" width=\"350\" height=\"234\" class=\"wp-image-76\" style=\"width: 350px;\" src=\"http:\/\/scheie.de\/wp-content\/uploads\/2019\/10\/Vorstand1.jpg\" alt=\"\" srcset=\"https:\/\/scheie.de\/wp-content\/uploads\/2019\/10\/Vorstand1.jpg 471w, https:\/\/scheie.de\/wp-content\/uploads\/2019\/10\/Vorstand1-300x201.jpg 300w\" sizes=\"(max-width: 350px) 100vw, 350px\" \/><\/p>\n\n\n\n<p>von links:&nbsp; Helmut\nStrahler, Jens Meier, Heinz M\u00fcller, Joachim Keitel, Carsten Eickhoff<\/p>\n\n\n\n<p>Zur ersten Damenleiterin wurde Margot Knirsch gew\u00e4hlt, die\n17 Jahre dieses Amt inne hatte. Seit Mai 2002 wird auf Anregung des 1.\nVorsitzenden das \u201eSchie\u00dfen der \u00f6rtlichen Vereine\u201c vom Sch\u00fctzenverein\nausgerichtet. Es soll zur F\u00f6rderung der d\u00f6rflichen Gemeinschaft dienen und\nerfreut sich reger Beteiligung. Jedes Jahr werden in allen Sch\u00fctzenklassen die\nK\u00f6niginnen und K\u00f6nige ausgeschossen und proklamiert. Besonders langj\u00e4hrige\nMitglieder des Sch\u00fctzenvereins sind Heinz B\u00f6deker seit 1953 und Fritz Bours,\nHorst Dreier und Hans-J\u00fcrgen W\u00f6pking seit 1954. Seit der Neugr\u00fcndung haben den\nVerein 6 Vorsitzende gef\u00fchrt, seit 1994 ist Helmut Strahler in diesem Amt.\nEhrenvorsitzender ist Klaus Knirsch und Ehrenmitglied Hans-J\u00fcrgen W\u00f6pking. Der\nSch\u00fctzenverein hat zur Zeit 115 Mitglieder und freut sich \u00fcber jedes neue\nMitglied.<\/p>\n\n\n\n<p>Geschrieben anl\u00e4\u00dflich der 950 Jahrfeier von: <br>Helmut Strahler (ehemaliger 1. Vorsitzender)<\/p>\n","protected":false},"excerpt":{"rendered":"<p>Sch\u00fctzenverein &#8222;Gut Schuss&#8220; von 1920 e.V. Im Juni 1920, also vor 85 Jahren, trafen sich Scheier B\u00fcrger in der Gastst\u00e4tte&hellip;<\/p>\n","protected":false},"author":1,"featured_media":0,"parent":0,"menu_order":0,"comment_status":"closed","ping_status":"closed","template":"","meta":{"footnotes":""},"class_list":["post-75","page","type-page","status-publish","hentry"],"_links":{"self":[{"href":"https:\/\/scheie.de\/index.php?rest_route=\/wp\/v2\/pages\/75","targetHints":{"allow":["GET"]}}],"collection":[{"href":"https:\/\/scheie.de\/index.php?rest_route=\/wp\/v2\/pages"}],"about":[{"href":"https:\/\/scheie.de\/index.php?rest_route=\/wp\/v2\/types\/page"}],"author":[{"embeddable":true,"href":"https:\/\/scheie.de\/index.php?rest_route=\/wp\/v2\/users\/1"}],"replies":[{"embeddable":true,"href":"https:\/\/scheie.de\/index.php?rest_route=%2Fwp%2Fv2%2Fcomments&post=75"}],"version-history":[{"count":0,"href":"https:\/\/scheie.de\/index.php?rest_route=\/wp\/v2\/pages\/75\/revisions"}],"wp:attachment":[{"href":"https:\/\/scheie.de\/index.php?rest_route=%2Fwp%2Fv2%2Fmedia&parent=75"}],"curies":[{"name":"wp","href":"https:\/\/api.w.org\/{rel}","templated":true}]}}