{"id":37,"date":"2019-10-08T08:23:14","date_gmt":"2019-10-08T08:23:14","guid":{"rendered":"http:\/\/scheie.de\/?page_id=37"},"modified":"2020-10-14T17:58:41","modified_gmt":"2020-10-14T15:58:41","slug":"feuerwehr","status":"publish","type":"page","link":"https:\/\/scheie.de\/?page_id=37","title":{"rendered":"Feuerwehr"},"content":{"rendered":"\t\t<div data-elementor-type=\"wp-page\" data-elementor-id=\"37\" class=\"elementor elementor-37\">\n\t\t\t\t\t\t<section class=\"elementor-section elementor-top-section elementor-element elementor-element-dbc7815 elementor-section-boxed elementor-section-height-default elementor-section-height-default\" data-id=\"dbc7815\" data-element_type=\"section\">\n\t\t\t\t\t\t<div class=\"elementor-container elementor-column-gap-default\">\n\t\t\t\t\t<div class=\"elementor-column elementor-col-100 elementor-top-column elementor-element elementor-element-3407b80\" data-id=\"3407b80\" data-element_type=\"column\">\n\t\t\t<div class=\"elementor-widget-wrap elementor-element-populated\">\n\t\t\t\t\t\t<div class=\"elementor-element elementor-element-9d3d60e elementor-widget elementor-widget-text-editor\" data-id=\"9d3d60e\" data-element_type=\"widget\" data-widget_type=\"text-editor.default\">\n\t\t\t\t<div class=\"elementor-widget-container\">\n\t\t\t\t\t\t\t\t\t<h3>Freiwillige Feuerwehr Scheie<\/h3><p><b>Historie<\/b><\/p><p>Die Feuerwehr Scheie gr\u00fcndete sich am 19.12.1925 im Gasthaus Kreth. Damals trafen sich einige besorgte B\u00fcrger, die die Notwendigkeit sahen, eine eigene Feuerwehr in Scheie zu errichten. Gebildet wurden die damals \u00fcblichen Einheiten Steigertrupp, Spritzen- und Hydrantenzug, Hornisten, ein Trupp f\u00fcr die Bespannung der gezogenen Spritze sowie Sanit\u00e4ter und Reservisten.<\/p><p>Angefangen hat die Feuerwehr mit einer Handdruckspritze, die von einem Pferdegespann gezogen wurde. Diese wurde in den folgenden Jahren durch eine Motorspritze abgel\u00f6st.<\/p><p><a href=\"https:\/\/scheie.de\/wp-content\/uploads\/2020\/06\/Fahrzeuge-Feuerwehr-Scheie.jpg\" rel=\"lightbox-0\" data-rel=\"lightbox-image-0\" data-rl_title=\"\" data-rl_caption=\"\" title=\"\"><img fetchpriority=\"high\" decoding=\"async\" class=\"alignleft wp-image-581 size-medium\" src=\"https:\/\/scheie.de\/wp-content\/uploads\/2020\/06\/Fahrzeuge-Feuerwehr-Scheie-300x225.jpg\" alt=\"Fahrzeuge der FFW Scheie 2020\" width=\"300\" height=\"225\" srcset=\"https:\/\/scheie.de\/wp-content\/uploads\/2020\/06\/Fahrzeuge-Feuerwehr-Scheie-300x225.jpg 300w, https:\/\/scheie.de\/wp-content\/uploads\/2020\/06\/Fahrzeuge-Feuerwehr-Scheie-768x576.jpg 768w, https:\/\/scheie.de\/wp-content\/uploads\/2020\/06\/Fahrzeuge-Feuerwehr-Scheie.jpg 800w\" sizes=\"(max-width: 300px) 100vw, 300px\" \/><\/a><\/p><p>Anschlie\u00dfend folgten die ersten Kraftfahrzeuge. Der in Eigenleistung zusammengebaute Kraftwagen wurde 1986 von unserem Tragkraftspritzenfahrzeug (TSF) abgel\u00f6st. Das TSF begleitete die Kameraden bis 2017 zu jedem E<span style=\"font-size: 1rem;\">insatz und galt lange Zeit als \u201egute Seele\u201c der Feuerwehr. Gro\u00dfe Freude kam bei der Feuerwehr auf, als man 2012 das zweite Fahrzeug dazu bekam. Zusammen mit der Ortsfeuerwehr Evesen wurde der Scheier Feuerwehr ein Mannschaftstransportwagen (MTW) \u00fcberreicht.<\/span><\/p><p>Doch damit nicht genug. Bereits im Jahr 2015 stand fest, dass die Feuerwehr Scheie ein neues L\u00f6schfahrzeug erhalten soll. Nach knapp 30 Jahren im Dienst wurde das TSF ausgemustert und ein neues L\u00f6schfahrzeug sollte her. Um den gestiegenen Anforderungen gerecht zu werden und alles Notwendige auf dem Fahrzeug verlasten zu k\u00f6nnen, bildete sich eine Arbeitsgruppe aus den Kreisen der Feuerwehr. Zusammen mit dem Ortsbrandmeister Heiko Schmeding und seinem damaligen Stellvertreter Michael Bschor haben sich f\u00fcnf weitere Kameraden an der Planung des neuen Mittleren L\u00f6schfahrzeugs (MLF) beteiligt. Nach der Planungs- und Ausschreibungsphase wurde das Auto im Zuge einer kleinen Feierlichkeit sowie Taufe am 01.09.2017 offiziell der Feuerwehr Scheie \u00fcbergeben. Da das neue Auto nicht mehr in die Halle passte, beschloss die Stadt B\u00fcckeburg einen neuen Stellplatz zu errichten.<\/p><p>Doch nicht nur die Fahrzeuge und Ausr\u00fcstung haben sich im Laufe der Zeit entwickelt. Auch personell wollte die Feuerwehr Scheie nachlegen. Am 15.11.2008 gr\u00fcndete sich die Jugendfeuerwehr (JF) Scheie und komplettierte somit 48 Jahre nach der Gr\u00fcndung der ersten Jugendfeuerwehr (Rusbend) in der Stadt B\u00fcckeburg den Kreis. Angefangen mit 13 Gr\u00fcndungsmitgliedern sowie Gerd Wilharm und J\u00fcrgen Heine als Jugendwarte zeigte die JF sofort was in ihr steckte. Innerhalb k\u00fcrzester Zeit entwickelten sich die Jugendlichen zur echten Konkurrenz und konnten somit mehrmals den Stadtmeistertitel nach Scheie holen.<\/p><p>Geschrieben von Dennis Wilharm<\/p><p>Stellv. Ortsbrandmeister Feuerwehr Scheie<\/p>\t\t\t\t\t\t\t\t<\/div>\n\t\t\t\t<\/div>\n\t\t\t\t\t<\/div>\n\t\t<\/div>\n\t\t\t\t\t<\/div>\n\t\t<\/section>\n\t\t\t\t<\/div>\n\t\t","protected":false},"excerpt":{"rendered":"<p>Freiwillige Feuerwehr Scheie Historie Die Feuerwehr Scheie gr\u00fcndete sich am 19.12.1925 im Gasthaus Kreth. Damals trafen sich einige besorgte B\u00fcrger,&hellip;<\/p>\n","protected":false},"author":1,"featured_media":0,"parent":0,"menu_order":0,"comment_status":"closed","ping_status":"closed","template":"","meta":{"footnotes":""},"class_list":["post-37","page","type-page","status-publish","hentry"],"_links":{"self":[{"href":"https:\/\/scheie.de\/index.php?rest_route=\/wp\/v2\/pages\/37","targetHints":{"allow":["GET"]}}],"collection":[{"href":"https:\/\/scheie.de\/index.php?rest_route=\/wp\/v2\/pages"}],"about":[{"href":"https:\/\/scheie.de\/index.php?rest_route=\/wp\/v2\/types\/page"}],"author":[{"embeddable":true,"href":"https:\/\/scheie.de\/index.php?rest_route=\/wp\/v2\/users\/1"}],"replies":[{"embeddable":true,"href":"https:\/\/scheie.de\/index.php?rest_route=%2Fwp%2Fv2%2Fcomments&post=37"}],"version-history":[{"count":0,"href":"https:\/\/scheie.de\/index.php?rest_route=\/wp\/v2\/pages\/37\/revisions"}],"wp:attachment":[{"href":"https:\/\/scheie.de\/index.php?rest_route=%2Fwp%2Fv2%2Fmedia&parent=37"}],"curies":[{"name":"wp","href":"https:\/\/api.w.org\/{rel}","templated":true}]}}