{"id":227,"date":"2019-10-16T17:29:57","date_gmt":"2019-10-16T17:29:57","guid":{"rendered":"http:\/\/scheie.de\/?page_id=227"},"modified":"2020-06-01T09:26:07","modified_gmt":"2020-06-01T07:26:07","slug":"impressum","status":"publish","type":"page","link":"https:\/\/scheie.de\/?page_id=227","title":{"rendered":"Impressum"},"content":{"rendered":"\t\t<div data-elementor-type=\"wp-page\" data-elementor-id=\"227\" class=\"elementor elementor-227\">\n\t\t\t\t\t\t<section class=\"elementor-section elementor-top-section elementor-element elementor-element-324f52d elementor-section-boxed elementor-section-height-default elementor-section-height-default\" data-id=\"324f52d\" data-element_type=\"section\">\n\t\t\t\t\t\t<div class=\"elementor-container elementor-column-gap-default\">\n\t\t\t\t\t<div class=\"elementor-column elementor-col-100 elementor-top-column elementor-element elementor-element-d4461f3\" data-id=\"d4461f3\" data-element_type=\"column\">\n\t\t\t<div class=\"elementor-widget-wrap elementor-element-populated\">\n\t\t\t\t\t\t<div class=\"elementor-element elementor-element-748fa32 elementor-widget elementor-widget-text-editor\" data-id=\"748fa32\" data-element_type=\"widget\" data-widget_type=\"text-editor.default\">\n\t\t\t\t<div class=\"elementor-widget-container\">\n\t\t\t\t\t\t\t\t\t<h1 class=\"adsimple-321142776\"><span style=\"font-size: 24pt;\">Impressum<\/span><\/h1><p class=\"adsimple-321142776\"><strong><span style=\"font-size: 14.4px;\"><span style=\"font-size: 12pt;\">Informationspflicht<\/span> laut \u00a7 5 TMG<\/span>:<br \/><\/strong><strong>Konzeption, Design und Technik<br \/><\/strong><strong>Design &amp; Programmierung<\/strong><\/p><p>Erik Rechenberg<\/p><p class=\"adsimple-321142776\">Dorfstra\u00dfe 15, <br \/>31675 B\u00fcckeburg, <br \/>Deutschland<\/p><p class=\"adsimple-321142776\"><strong>Tel.:<\/strong> 05722 27287<br \/><strong>Fax:<\/strong> 05722 3687<br \/><strong>E-Mail:<\/strong> <a href=\"mailto:erik@rechenberg.de\">erik@rechenberg.de<\/a><\/p><p style=\"margin-top: 15px;\">Quelle: Erstellt\u00a0mit dem <a title=\"Impressum Generator Deutschland\" href=\"https:\/\/www.adsimple.de\/impressum-generator\/\" target=\"_blank\" rel=\"follow noopener\">Impressum Generator<\/a> von AdSimple\u00a0in Kooperation mit <a title=\"\" href=\"https:\/\/www.slashtechnik.de\" target=\"_blank\" rel=\"follow noopener\">slashtechnik.de<\/a><\/p><h2 class=\"adsimple-321142776\"><span style=\"font-size: 24pt;\">EU-Streitschlichtung<\/span><\/h2><p>Gem\u00e4\u00df Verordnung \u00fcber Online-Streitbeilegung in Verbraucherangelegenheiten (ODR-Verordnung) m\u00f6chten wir Sie \u00fcber die Online-Streitbeilegungsplattform (OS-Plattform) informieren.<br \/>Verbraucher haben die M\u00f6glichkeit, Beschwerden an die Online Streitbeilegungsplattform der Europ\u00e4ischen Kommission unter <a class=\"adsimple-321142776\" href=\"https:\/\/ec.europa.eu\/consumers\/odr\/main\/index.cfm?event=main.home2.show&amp;lng=DE\" target=\"_blank\" rel=\"noopener\">http:\/\/ec.europa.eu\/odr?tid=321142776<\/a> zu richten. Die daf\u00fcr notwendigen Kontaktdaten finden Sie oberhalb in unserem Impressum.<\/p><p>Wir m\u00f6chten Sie jedoch darauf hinweisen, dass wir nicht bereit oder verpflichtet sind, an Streitbeilegungsverfahren vor einer Verbraucherschlichtungsstelle teilzunehmen.<\/p><h2 class=\"adsimple-321142776\"><span style=\"font-size: 24pt;\">Haftung f\u00fcr Inhalte dieser Website<\/span><\/h2><p>Wir entwickeln die Inhalte dieser Webseite st\u00e4ndig weiter und bem\u00fchen uns korrekte und aktuelle Informationen bereitzustellen. Laut Telemediengesetz <a class=\"adsimple-321142776\" href=\"https:\/\/www.gesetze-im-internet.de\/tmg\/__7.html?tid=321142776\" target=\"_blank\" rel=\"noopener\">(TMG) \u00a77 (1)<\/a> sind wir als Diensteanbieter f\u00fcr eigene Informationen, die wir zur Nutzung bereitstellen, nach den allgemeinen Gesetzen verantwortlich. Leider k\u00f6nnen wir keine Haftung f\u00fcr die Korrektheit aller Inhalte auf dieser Webseite \u00fcbernehmen, speziell f\u00fcr jene die seitens Dritter bereitgestellt wurden. Als Diensteanbieter im Sinne der \u00a7\u00a7 8 bis 10 sind wir nicht verpflichtet, die von ihnen \u00fcbermittelten oder gespeicherten Informationen zu \u00fcberwachen oder nach Umst\u00e4nden zu forschen, die auf eine rechtswidrige T\u00e4tigkeit hinweisen.<\/p><p>Unsere Verpflichtungen zur Entfernung von Informationen oder zur Sperrung der Nutzung von Informationen nach den allgemeinen Gesetzen aufgrund von gerichtlichen oder beh\u00f6rdlichen Anordnungen bleiben auch im Falle unserer Nichtverantwortlichkeit nach den \u00a7\u00a7 8 bis 10 unber\u00fchrt.<\/p><p>Sollten Ihnen problematische oder rechtswidrige Inhalte auffallen, bitte wir Sie uns umgehend zu kontaktieren, damit wir die rechtswidrigen Inhalte entfernen k\u00f6nnen. Sie finden die Kontaktdaten im Impressum.<\/p><h2 class=\"adsimple-321142776\"><span style=\"font-size: 24pt;\">Haftung f\u00fcr Links auf dieser Website<\/span><\/h2><p>Unsere Webseite enth\u00e4lt Links zu anderen Webseiten f\u00fcr deren Inhalt wir nicht verantwortlich sind. Haftung f\u00fcr verlinkte Websites besteht f\u00fcr uns nicht, da wir keine Kenntnis rechtswidriger T\u00e4tigkeiten hatten und haben, uns solche Rechtswidrigkeiten auch bisher nicht aufgefallen sind und wir Links sofort entfernen w\u00fcrden, wenn uns Rechtswidrigkeiten bekannt werden.<\/p><p>Wenn Ihnen rechtswidrige Links auf unserer Website auffallen, bitte wir Sie uns zu kontaktieren. Sie finden die Kontaktdaten im Impressum.<\/p><h2 class=\"adsimple-321142776\"><span style=\"font-size: 24pt;\">Urheberrechtshinweis<\/span><\/h2><p>Alle Inhalte dieser Webseite (Bilder, Fotos, Texte, Videos) unterliegen dem Urheberrecht der Bundesrepublik Deutschland. Bitte fragen Sie uns bevor Sie die Inhalte dieser Website verbreiten, vervielf\u00e4ltigen oder verwerten wie zum Beispiel auf anderen Websites erneut ver\u00f6ffentlichen. Falls notwendig, werden wir die unerlaubte Nutzung von Teilen der Inhalte unserer Seite rechtlich verfolgen.<\/p><p>Sollten Sie auf dieser Webseite Inhalte finden, die das Urheberrecht verletzen, bitten wir Sie uns zu kontaktieren.<\/p><h2 class=\"adsimple-321142776\"><span style=\"font-size: 24pt;\">Bildernachweis<\/span><\/h2><p>Die Bilder, Fotos und Grafiken auf dieser Webseite sind urheberrechtlich gesch\u00fctzt.<\/p><p>Die Bilderrechte liegen bei den folgenden Fotografen und Unternehmen:<\/p><ul class=\"adsimple-321142776\"><li>Erik Rechenberg<\/li><li class=\"adsimple-321142776\">Dennis Wilharm<\/li><li>Benjamin Djawanshiri<\/li><\/ul><p style=\"margin-top: 15px;\">Quelle: Erstellt\u00a0mit dem\u00a0<a title=\"Datenschutz Generator Deutschland\" href=\"https:\/\/www.adsimple.de\/datenschutz-generator\/\" target=\"_blank\" rel=\"follow noopener\">Datenschutz Generator<\/a> von AdSimple\u00a0in Kooperation mit <a title=\"\" href=\"https:\/\/www.hashtagmann.de\" target=\"_blank\" rel=\"follow noopener\">hashtagmann.de<\/a><\/p>\t\t\t\t\t\t\t\t<\/div>\n\t\t\t\t<\/div>\n\t\t\t\t\t<\/div>\n\t\t<\/div>\n\t\t\t\t\t<\/div>\n\t\t<\/section>\n\t\t\t\t<\/div>\n\t\t","protected":false},"excerpt":{"rendered":"<p>Impressum Informationspflicht laut \u00a7 5 TMG:Konzeption, Design und TechnikDesign &amp; Programmierung Erik Rechenberg Dorfstra\u00dfe 15, 31675 B\u00fcckeburg, Deutschland Tel.: 05722&hellip;<\/p>\n","protected":false},"author":1,"featured_media":0,"parent":0,"menu_order":0,"comment_status":"closed","ping_status":"closed","template":"","meta":{"footnotes":""},"class_list":["post-227","page","type-page","status-publish","hentry"],"_links":{"self":[{"href":"https:\/\/scheie.de\/index.php?rest_route=\/wp\/v2\/pages\/227","targetHints":{"allow":["GET"]}}],"collection":[{"href":"https:\/\/scheie.de\/index.php?rest_route=\/wp\/v2\/pages"}],"about":[{"href":"https:\/\/scheie.de\/index.php?rest_route=\/wp\/v2\/types\/page"}],"author":[{"embeddable":true,"href":"https:\/\/scheie.de\/index.php?rest_route=\/wp\/v2\/users\/1"}],"replies":[{"embeddable":true,"href":"https:\/\/scheie.de\/index.php?rest_route=%2Fwp%2Fv2%2Fcomments&post=227"}],"version-history":[{"count":0,"href":"https:\/\/scheie.de\/index.php?rest_route=\/wp\/v2\/pages\/227\/revisions"}],"wp:attachment":[{"href":"https:\/\/scheie.de\/index.php?rest_route=%2Fwp%2Fv2%2Fmedia&parent=227"}],"curies":[{"name":"wp","href":"https:\/\/api.w.org\/{rel}","templated":true}]}}